{"id":1113,"date":"2026-04-07T19:01:36","date_gmt":"2026-04-07T19:01:36","guid":{"rendered":"https:\/\/ecolemarcelcallo-nantes.fr\/?page_id=1113"},"modified":"2026-04-07T19:01:37","modified_gmt":"2026-04-07T19:01:37","slug":"conditions-generales-dutilisation","status":"publish","type":"page","link":"https:\/\/ecolemarcelcallo-nantes.fr\/index.php\/conditions-generales-dutilisation\/","title":{"rendered":"Conditions g\u00e9n\u00e9rales d\u2019utilisation"},"content":{"rendered":"<p>[et_pb_section fb_built=\u00a0\u00bb1&Prime; theme_builder_area=\u00a0\u00bbpost_content\u00a0\u00bb _builder_version=\u00a0\u00bb4.27.6&Prime; _module_preset=\u00a0\u00bbdefault\u00a0\u00bb][et_pb_row _builder_version=\u00a0\u00bb4.27.6&Prime; _module_preset=\u00a0\u00bbdefault\u00a0\u00bb theme_builder_area=\u00a0\u00bbpost_content\u00a0\u00bb][et_pb_column _builder_version=\u00a0\u00bb4.27.6&Prime; _module_preset=\u00a0\u00bbdefault\u00a0\u00bb type=\u00a0\u00bb4_4&Prime; theme_builder_area=\u00a0\u00bbpost_content\u00a0\u00bb][et_pb_code _builder_version=\u00a0\u00bb4.27.6&Prime; _module_preset=\u00a0\u00bbdefault\u00a0\u00bb theme_builder_area=\u00a0\u00bbpost_content\u00a0\u00bb hover_enabled=\u00a0\u00bb0&Prime; sticky_enabled=\u00a0\u00bb0&Prime;]<\/p>\n<style><!-- [et_pb_line_break_holder] -->.cgu-box{<!-- [et_pb_line_break_holder] -->  max-width:1100px;<!-- [et_pb_line_break_holder] -->  margin:40px auto;<!-- [et_pb_line_break_holder] -->  padding:40px 32px;<!-- [et_pb_line_break_holder] -->  background:#ffffff;<!-- [et_pb_line_break_holder] -->  border:1px solid #e5e7eb;<!-- [et_pb_line_break_holder] -->  border-radius:16px;<!-- [et_pb_line_break_holder] -->  box-shadow:0 10px 30px rgba(0,0,0,0.05);<!-- [et_pb_line_break_holder] -->  color:#1f2937;<!-- [et_pb_line_break_holder] -->  line-height:1.85;<!-- [et_pb_line_break_holder] -->  font-size:16px;<!-- [et_pb_line_break_holder] -->}<!-- [et_pb_line_break_holder] -->.cgu-box h1{<!-- [et_pb_line_break_holder] -->  font-size:34px;<!-- [et_pb_line_break_holder] -->  line-height:1.2;<!-- [et_pb_line_break_holder] -->  margin:0 0 24px;<!-- [et_pb_line_break_holder] -->  color:#111827;<!-- [et_pb_line_break_holder] -->}<!-- [et_pb_line_break_holder] -->.cgu-box h2{<!-- [et_pb_line_break_holder] -->  font-size:22px;<!-- [et_pb_line_break_holder] -->  margin:30px 0 12px;<!-- [et_pb_line_break_holder] -->  color:#111827;<!-- [et_pb_line_break_holder] -->}<!-- [et_pb_line_break_holder] -->.cgu-box p{<!-- [et_pb_line_break_holder] -->  margin:0 0 16px;<!-- [et_pb_line_break_holder] -->}<!-- [et_pb_line_break_holder] -->.cgu-box a{<!-- [et_pb_line_break_holder] -->  color:#2563eb;<!-- [et_pb_line_break_holder] -->  text-decoration:none;<!-- [et_pb_line_break_holder] -->}<!-- [et_pb_line_break_holder] -->.cgu-box a:hover{<!-- [et_pb_line_break_holder] -->  text-decoration:underline;<!-- [et_pb_line_break_holder] -->}<!-- [et_pb_line_break_holder] -->.cgu-box .section{<!-- [et_pb_line_break_holder] -->  margin-bottom:24px;<!-- [et_pb_line_break_holder] -->  padding:20px 22px;<!-- [et_pb_line_break_holder] -->  background:#f9fafb;<!-- [et_pb_line_break_holder] -->  border-radius:12px;<!-- [et_pb_line_break_holder] -->  border-left:4px solid #ec4899;<!-- [et_pb_line_break_holder] -->}<!-- [et_pb_line_break_holder] -->@media (max-width:767px){<!-- [et_pb_line_break_holder] -->  .cgu-box{<!-- [et_pb_line_break_holder] -->    padding:26px 18px;<!-- [et_pb_line_break_holder] -->    margin:20px auto;<!-- [et_pb_line_break_holder] -->    font-size:15px;<!-- [et_pb_line_break_holder] -->  }<!-- [et_pb_line_break_holder] -->  .cgu-box h1{<!-- [et_pb_line_break_holder] -->    font-size:28px;<!-- [et_pb_line_break_holder] -->  }<!-- [et_pb_line_break_holder] -->  .cgu-box h2{<!-- [et_pb_line_break_holder] -->    font-size:20px;<!-- [et_pb_line_break_holder] -->  }<!-- [et_pb_line_break_holder] -->}<!-- [et_pb_line_break_holder] --><\/style>\n<p><!-- [et_pb_line_break_holder] --><!-- [et_pb_line_break_holder] --><\/p>\n<div class=\"cgu-box\"><!-- [et_pb_line_break_holder] -->  <\/p>\n<h1>Conditions g\u00e9n\u00e9rales d\u2019utilisation du site<\/h1>\n<p><!-- [et_pb_line_break_holder] --><!-- [et_pb_line_break_holder] -->  <\/p>\n<div class=\"section\"><!-- [et_pb_line_break_holder] -->    <pee>En consultant ce Site Internet, vous acceptez les pr\u00e9sentes conditions d\u2019utilisation.<\/pee><!-- [et_pb_line_break_holder] -->    <pee>Le propri\u00e9taire de ce Site se r\u00e9serve le droit de modifier les pr\u00e9sentes conditions d\u2019utilisation \u00e0 tout moment. Celles pr\u00e9sentes sur le site Internet de la soci\u00e9t\u00e9 en constituent la derni\u00e8re version \u00e0 jour.<\/pee><!-- [et_pb_line_break_holder] -->  <\/div>\n<p><!-- [et_pb_line_break_holder] --><!-- [et_pb_line_break_holder] -->  <\/p>\n<div class=\"section\"><!-- [et_pb_line_break_holder] -->    <\/p>\n<h2>Propri\u00e9t\u00e9 intellectuelle et contrefa\u00e7ons<\/h2>\n<p><!-- [et_pb_line_break_holder] -->    <pee>Le Propri\u00e9taire de ce Site est propri\u00e9taire des droits de propri\u00e9t\u00e9 intellectuelle et d\u00e9tient les droits d\u2019usage sur tous les \u00e9l\u00e9ments accessibles sur le site internet, notamment les textes, images, graphismes, logos, vid\u00e9os, architecture, ic\u00f4nes et sons.<\/pee><!-- [et_pb_line_break_holder] -->    <pee>Toute reproduction, repr\u00e9sentation, modification, publication, adaptation de tout ou partie des \u00e9l\u00e9ments du site, quel que soit le moyen ou le proc\u00e9d\u00e9 utilis\u00e9, est interdite, sauf autorisation \u00e9crite pr\u00e9alable du Propri\u00e9taire de ce Site.<\/pee><!-- [et_pb_line_break_holder] -->    <pee>Toute exploitation non autoris\u00e9e du site ou de l\u2019un quelconque des \u00e9l\u00e9ments qu\u2019il contient sera consid\u00e9r\u00e9e comme constitutive d\u2019une contrefa\u00e7on et poursuivie conform\u00e9ment aux dispositions des articles L.335-2 et suivants du Code de Propri\u00e9t\u00e9 Intellectuelle.<\/pee><!-- [et_pb_line_break_holder] -->  <\/div>\n<p><!-- [et_pb_line_break_holder] --><!-- [et_pb_line_break_holder] -->  <\/p>\n<div class=\"section\"><!-- [et_pb_line_break_holder] -->    <\/p>\n<h2>Limitations de responsabilit\u00e9<\/h2>\n<p><!-- [et_pb_line_break_holder] -->    <pee>Le Propri\u00e9taire de ce Site ne pourra \u00eatre tenu pour responsable des dommages directs et indirects caus\u00e9s au mat\u00e9riel de l\u2019utilisateur, lors de l\u2019acc\u00e8s \u00e0 ce Site.<\/pee><!-- [et_pb_line_break_holder] -->    <pee>Le Propri\u00e9taire de ce Site d\u00e9cline toute responsabilit\u00e9 quant \u00e0 l\u2019utilisation qui pourrait \u00eatre faite des informations et contenus pr\u00e9sents sur ce Site.<\/pee><!-- [et_pb_line_break_holder] -->    <pee>Le Propri\u00e9taire de ce Site s\u2019engage \u00e0 s\u00e9curiser au mieux ce Site, cependant sa responsabilit\u00e9 ne pourra \u00eatre mise en cause si des donn\u00e9es ind\u00e9sirables sont import\u00e9es et install\u00e9es sur son site \u00e0 son insu.<\/pee><!-- [et_pb_line_break_holder] -->    <pee>Des espaces interactifs (espace contact ou commentaires) sont \u00e0 la disposition des utilisateurs. Le Propri\u00e9taire de ce Site se r\u00e9serve le droit de supprimer, sans mise en demeure pr\u00e9alable, tout contenu d\u00e9pos\u00e9 dans cet espace qui contreviendrait \u00e0 la l\u00e9gislation applicable en France, en particulier aux dispositions relatives \u00e0 la protection des donn\u00e9es.<\/pee><!-- [et_pb_line_break_holder] -->    <pee>Le cas \u00e9ch\u00e9ant, le Propri\u00e9taire de ce Site se r\u00e9serve \u00e9galement la possibilit\u00e9 de mettre en cause la responsabilit\u00e9 civile et\/ou p\u00e9nale de l\u2019utilisateur, notamment en cas de message \u00e0 caract\u00e8re raciste, injurieux, diffamant, ou pornographique, quel que soit le support utilis\u00e9 (texte, photographie\u2026).<\/pee><!-- [et_pb_line_break_holder] -->  <\/div>\n<p><!-- [et_pb_line_break_holder] --><!-- [et_pb_line_break_holder] -->  <\/p>\n<div class=\"section\"><!-- [et_pb_line_break_holder] -->    <\/p>\n<h2>CNIL et gestion des donn\u00e9es personnelles<\/h2>\n<p><!-- [et_pb_line_break_holder] -->    <pee>Conform\u00e9ment aux dispositions de la loi 78-17 du 6 janvier 1978 modifi\u00e9e, l\u2019utilisateur de ce Site dispose d\u2019un droit d\u2019acc\u00e8s, de modification et de suppression des informations collect\u00e9es. Pour exercer ce droit, envoyez un message \u00e0 notre D\u00e9l\u00e9gu\u00e9 \u00e0 la Protection des Donn\u00e9es.<\/pee><!-- [et_pb_line_break_holder] -->    <pee>Pour plus d\u2019informations sur la fa\u00e7on dont nous traitons vos donn\u00e9es (type de donn\u00e9es, finalit\u00e9, destinataire\u2026), lisez notre Politique de Confidentialit\u00e9.<\/pee><!-- [et_pb_line_break_holder] -->    <pee>Il est \u00e9galement possible de d\u00e9poser une r\u00e9clamation aupr\u00e8s de la CNIL.<\/pee><!-- [et_pb_line_break_holder] -->  <\/div>\n<p><!-- [et_pb_line_break_holder] --><!-- [et_pb_line_break_holder] -->  <\/p>\n<div class=\"section\"><!-- [et_pb_line_break_holder] -->    <\/p>\n<h2>Liens hypertextes<\/h2>\n<p><!-- [et_pb_line_break_holder] -->    <pee>Le Site peut contenir des liens hypertexte donnant acc\u00e8s \u00e0 d\u2019autres sites web \u00e9dit\u00e9s et g\u00e9r\u00e9s par des tiers et non par l\u2019Editeur. L\u2019Editeur ne pourra \u00eatre tenu responsable directement ou indirectement dans le cas o\u00f9 lesdits sites tiers ne respecteraient pas les dispositions l\u00e9gales.<\/pee><!-- [et_pb_line_break_holder] -->  <\/div>\n<p><!-- [et_pb_line_break_holder] --><!-- [et_pb_line_break_holder] -->  <\/p>\n<div class=\"section\"><!-- [et_pb_line_break_holder] -->    <\/p>\n<h2>Cookies<\/h2>\n<p><!-- [et_pb_line_break_holder] -->    <pee>La navigation sur ce Site est susceptible de provoquer l\u2019installation de cookie(s) sur l\u2019ordinateur de l\u2019utilisateur.<\/pee><!-- [et_pb_line_break_holder] -->    <pee>Un \u00ab cookie \u00bb est un fichier de petite taille qui enregistre des informations relatives \u00e0 la navigation d\u2019un utilisateur sur un site. Les donn\u00e9es ainsi obtenues permettent d\u2019obtenir des mesures de fr\u00e9quentation, par exemple.<\/pee><!-- [et_pb_line_break_holder] -->    <pee>Vous avez la possibilit\u00e9 d\u2019accepter ou de refuser les cookies en modifiant les param\u00e8tres de votre navigateur. Aucun cookie ne sera d\u00e9pos\u00e9 sans votre consentement.<\/pee><!-- [et_pb_line_break_holder] -->    <pee>Les cookies sont enregistr\u00e9s pour une dur\u00e9e maximale de 12 mois.<\/pee><!-- [et_pb_line_break_holder] -->    <pee>Pour plus d\u2019informations sur la fa\u00e7on dont nous faisons usage des cookies, lisez notre Politique de Confidentialit\u00e9.<\/pee><!-- [et_pb_line_break_holder] -->  <\/div>\n<p><!-- [et_pb_line_break_holder] --><!-- [et_pb_line_break_holder] -->  <\/p>\n<div class=\"section\"><!-- [et_pb_line_break_holder] -->    <\/p>\n<h2>Droit applicable et attribution de juridiction<\/h2>\n<p><!-- [et_pb_line_break_holder] -->    <pee>Tout litige en relation avec l\u2019utilisation de ce Site est soumis au droit fran\u00e7ais. En dehors des cas o\u00f9 la loi ne le permet pas, il est fait attribution exclusive de juridiction aux tribunaux comp\u00e9tents de Lyon.<\/pee><!-- [et_pb_line_break_holder] -->  <\/div>\n<p><!-- [et_pb_line_break_holder] --><\/div>\n<p>[\/et_pb_code][\/et_pb_column][\/et_pb_row][\/et_pb_section]<\/p>\n","protected":false},"excerpt":{"rendered":"","protected":false},"author":1,"featured_media":0,"parent":0,"menu_order":0,"comment_status":"closed","ping_status":"closed","template":"","meta":{"_et_pb_use_builder":"on","_et_pb_old_content":"","_et_gb_content_width":"","footnotes":""},"class_list":["post-1113","page","type-page","status-publish","hentry"],"yoast_head":"<!-- This site is optimized with the Yoast SEO plugin v27.3 - https:\/\/yoast.com\/product\/yoast-seo-wordpress\/ -->\n<title>Conditions g\u00e9n\u00e9rales d\u2019utilisation - Marcel Callo<\/title>\n<meta name=\"robots\" content=\"index, follow, max-snippet:-1, max-image-preview:large, max-video-preview:-1\" \/>\n<link rel=\"canonical\" href=\"https:\/\/ecolemarcelcallo-nantes.fr\/index.php\/conditions-generales-dutilisation\/\" \/>\n<meta property=\"og:locale\" content=\"fr_FR\" \/>\n<meta property=\"og:type\" content=\"article\" \/>\n<meta property=\"og:title\" content=\"Conditions g\u00e9n\u00e9rales d\u2019utilisation - Marcel Callo\" \/>\n<meta property=\"og:url\" content=\"https:\/\/ecolemarcelcallo-nantes.fr\/index.php\/conditions-generales-dutilisation\/\" \/>\n<meta property=\"og:site_name\" content=\"Marcel Callo\" \/>\n<meta property=\"article:modified_time\" content=\"2026-04-07T19:01:37+00:00\" \/>\n<meta name=\"twitter:card\" content=\"summary_large_image\" \/>\n<script type=\"application\/ld+json\" class=\"yoast-schema-graph\">{\"@context\":\"https:\\\/\\\/schema.org\",\"@graph\":[{\"@type\":\"WebPage\",\"@id\":\"https:\\\/\\\/ecolemarcelcallo-nantes.fr\\\/index.php\\\/conditions-generales-dutilisation\\\/\",\"url\":\"https:\\\/\\\/ecolemarcelcallo-nantes.fr\\\/index.php\\\/conditions-generales-dutilisation\\\/\",\"name\":\"Conditions g\u00e9n\u00e9rales d\u2019utilisation - Marcel Callo\",\"isPartOf\":{\"@id\":\"https:\\\/\\\/ecolemarcelcallo-nantes.fr\\\/#website\"},\"datePublished\":\"2026-04-07T19:01:36+00:00\",\"dateModified\":\"2026-04-07T19:01:37+00:00\",\"breadcrumb\":{\"@id\":\"https:\\\/\\\/ecolemarcelcallo-nantes.fr\\\/index.php\\\/conditions-generales-dutilisation\\\/#breadcrumb\"},\"inLanguage\":\"fr-FR\",\"potentialAction\":[{\"@type\":\"ReadAction\",\"target\":[\"https:\\\/\\\/ecolemarcelcallo-nantes.fr\\\/index.php\\\/conditions-generales-dutilisation\\\/\"]}]},{\"@type\":\"BreadcrumbList\",\"@id\":\"https:\\\/\\\/ecolemarcelcallo-nantes.fr\\\/index.php\\\/conditions-generales-dutilisation\\\/#breadcrumb\",\"itemListElement\":[{\"@type\":\"ListItem\",\"position\":1,\"name\":\"Home\",\"item\":\"https:\\\/\\\/ecolemarcelcallo-nantes.fr\\\/\"},{\"@type\":\"ListItem\",\"position\":2,\"name\":\"Conditions g\u00e9n\u00e9rales d\u2019utilisation\"}]},{\"@type\":\"WebSite\",\"@id\":\"https:\\\/\\\/ecolemarcelcallo-nantes.fr\\\/#website\",\"url\":\"https:\\\/\\\/ecolemarcelcallo-nantes.fr\\\/\",\"name\":\"Marcel Callo nantes\",\"description\":\"\",\"publisher\":{\"@id\":\"https:\\\/\\\/ecolemarcelcallo-nantes.fr\\\/#organization\"},\"potentialAction\":[{\"@type\":\"SearchAction\",\"target\":{\"@type\":\"EntryPoint\",\"urlTemplate\":\"https:\\\/\\\/ecolemarcelcallo-nantes.fr\\\/?s={search_term_string}\"},\"query-input\":{\"@type\":\"PropertyValueSpecification\",\"valueRequired\":true,\"valueName\":\"search_term_string\"}}],\"inLanguage\":\"fr-FR\"},{\"@type\":\"Organization\",\"@id\":\"https:\\\/\\\/ecolemarcelcallo-nantes.fr\\\/#organization\",\"name\":\"Marcel Callo\",\"url\":\"https:\\\/\\\/ecolemarcelcallo-nantes.fr\\\/\",\"logo\":{\"@type\":\"ImageObject\",\"inLanguage\":\"fr-FR\",\"@id\":\"https:\\\/\\\/ecolemarcelcallo-nantes.fr\\\/#\\\/schema\\\/logo\\\/image\\\/\",\"url\":\"https:\\\/\\\/ecolemarcelcallo-nantes.fr\\\/wp-content\\\/uploads\\\/2026\\\/02\\\/LOGO-ECOLE-ET-EC-44.png\",\"contentUrl\":\"https:\\\/\\\/ecolemarcelcallo-nantes.fr\\\/wp-content\\\/uploads\\\/2026\\\/02\\\/LOGO-ECOLE-ET-EC-44.png\",\"width\":1080,\"height\":385,\"caption\":\"Marcel Callo\"},\"image\":{\"@id\":\"https:\\\/\\\/ecolemarcelcallo-nantes.fr\\\/#\\\/schema\\\/logo\\\/image\\\/\"}}]}<\/script>\n<!-- \/ Yoast SEO plugin. -->","yoast_head_json":{"title":"Conditions g\u00e9n\u00e9rales d\u2019utilisation - Marcel Callo","robots":{"index":"index","follow":"follow","max-snippet":"max-snippet:-1","max-image-preview":"max-image-preview:large","max-video-preview":"max-video-preview:-1"},"canonical":"https:\/\/ecolemarcelcallo-nantes.fr\/index.php\/conditions-generales-dutilisation\/","og_locale":"fr_FR","og_type":"article","og_title":"Conditions g\u00e9n\u00e9rales d\u2019utilisation - Marcel Callo","og_url":"https:\/\/ecolemarcelcallo-nantes.fr\/index.php\/conditions-generales-dutilisation\/","og_site_name":"Marcel Callo","article_modified_time":"2026-04-07T19:01:37+00:00","twitter_card":"summary_large_image","schema":{"@context":"https:\/\/schema.org","@graph":[{"@type":"WebPage","@id":"https:\/\/ecolemarcelcallo-nantes.fr\/index.php\/conditions-generales-dutilisation\/","url":"https:\/\/ecolemarcelcallo-nantes.fr\/index.php\/conditions-generales-dutilisation\/","name":"Conditions g\u00e9n\u00e9rales d\u2019utilisation - Marcel Callo","isPartOf":{"@id":"https:\/\/ecolemarcelcallo-nantes.fr\/#website"},"datePublished":"2026-04-07T19:01:36+00:00","dateModified":"2026-04-07T19:01:37+00:00","breadcrumb":{"@id":"https:\/\/ecolemarcelcallo-nantes.fr\/index.php\/conditions-generales-dutilisation\/#breadcrumb"},"inLanguage":"fr-FR","potentialAction":[{"@type":"ReadAction","target":["https:\/\/ecolemarcelcallo-nantes.fr\/index.php\/conditions-generales-dutilisation\/"]}]},{"@type":"BreadcrumbList","@id":"https:\/\/ecolemarcelcallo-nantes.fr\/index.php\/conditions-generales-dutilisation\/#breadcrumb","itemListElement":[{"@type":"ListItem","position":1,"name":"Home","item":"https:\/\/ecolemarcelcallo-nantes.fr\/"},{"@type":"ListItem","position":2,"name":"Conditions g\u00e9n\u00e9rales d\u2019utilisation"}]},{"@type":"WebSite","@id":"https:\/\/ecolemarcelcallo-nantes.fr\/#website","url":"https:\/\/ecolemarcelcallo-nantes.fr\/","name":"Marcel Callo nantes","description":"","publisher":{"@id":"https:\/\/ecolemarcelcallo-nantes.fr\/#organization"},"potentialAction":[{"@type":"SearchAction","target":{"@type":"EntryPoint","urlTemplate":"https:\/\/ecolemarcelcallo-nantes.fr\/?s={search_term_string}"},"query-input":{"@type":"PropertyValueSpecification","valueRequired":true,"valueName":"search_term_string"}}],"inLanguage":"fr-FR"},{"@type":"Organization","@id":"https:\/\/ecolemarcelcallo-nantes.fr\/#organization","name":"Marcel Callo","url":"https:\/\/ecolemarcelcallo-nantes.fr\/","logo":{"@type":"ImageObject","inLanguage":"fr-FR","@id":"https:\/\/ecolemarcelcallo-nantes.fr\/#\/schema\/logo\/image\/","url":"https:\/\/ecolemarcelcallo-nantes.fr\/wp-content\/uploads\/2026\/02\/LOGO-ECOLE-ET-EC-44.png","contentUrl":"https:\/\/ecolemarcelcallo-nantes.fr\/wp-content\/uploads\/2026\/02\/LOGO-ECOLE-ET-EC-44.png","width":1080,"height":385,"caption":"Marcel Callo"},"image":{"@id":"https:\/\/ecolemarcelcallo-nantes.fr\/#\/schema\/logo\/image\/"}}]}},"_links":{"self":[{"href":"https:\/\/ecolemarcelcallo-nantes.fr\/index.php\/wp-json\/wp\/v2\/pages\/1113","targetHints":{"allow":["GET"]}}],"collection":[{"href":"https:\/\/ecolemarcelcallo-nantes.fr\/index.php\/wp-json\/wp\/v2\/pages"}],"about":[{"href":"https:\/\/ecolemarcelcallo-nantes.fr\/index.php\/wp-json\/wp\/v2\/types\/page"}],"author":[{"embeddable":true,"href":"https:\/\/ecolemarcelcallo-nantes.fr\/index.php\/wp-json\/wp\/v2\/users\/1"}],"replies":[{"embeddable":true,"href":"https:\/\/ecolemarcelcallo-nantes.fr\/index.php\/wp-json\/wp\/v2\/comments?post=1113"}],"version-history":[{"count":2,"href":"https:\/\/ecolemarcelcallo-nantes.fr\/index.php\/wp-json\/wp\/v2\/pages\/1113\/revisions"}],"predecessor-version":[{"id":1117,"href":"https:\/\/ecolemarcelcallo-nantes.fr\/index.php\/wp-json\/wp\/v2\/pages\/1113\/revisions\/1117"}],"wp:attachment":[{"href":"https:\/\/ecolemarcelcallo-nantes.fr\/index.php\/wp-json\/wp\/v2\/media?parent=1113"}],"curies":[{"name":"wp","href":"https:\/\/api.w.org\/{rel}","templated":true}]}}