{"id":1108,"date":"2026-04-07T19:00:33","date_gmt":"2026-04-07T19:00:33","guid":{"rendered":"https:\/\/ecolemarcelcallo-nantes.fr\/?page_id=1108"},"modified":"2026-04-07T19:00:33","modified_gmt":"2026-04-07T19:00:33","slug":"informations-legales","status":"publish","type":"page","link":"https:\/\/ecolemarcelcallo-nantes.fr\/index.php\/informations-legales\/","title":{"rendered":"Informations l\u00e9gales"},"content":{"rendered":"<p>[et_pb_section fb_built=\u00a0\u00bb1&Prime; theme_builder_area=\u00a0\u00bbpost_content\u00a0\u00bb _builder_version=\u00a0\u00bb4.27.6&Prime; _module_preset=\u00a0\u00bbdefault\u00a0\u00bb][et_pb_row _builder_version=\u00a0\u00bb4.27.6&Prime; _module_preset=\u00a0\u00bbdefault\u00a0\u00bb theme_builder_area=\u00a0\u00bbpost_content\u00a0\u00bb][et_pb_column _builder_version=\u00a0\u00bb4.27.6&Prime; _module_preset=\u00a0\u00bbdefault\u00a0\u00bb type=\u00a0\u00bb4_4&Prime; theme_builder_area=\u00a0\u00bbpost_content\u00a0\u00bb][et_pb_code _builder_version=\u00a0\u00bb4.27.6&Prime; _module_preset=\u00a0\u00bbdefault\u00a0\u00bb theme_builder_area=\u00a0\u00bbpost_content\u00a0\u00bb hover_enabled=\u00a0\u00bb0&Prime; sticky_enabled=\u00a0\u00bb0&Prime;]<\/p>\n<style><!-- [et_pb_line_break_holder] -->.legal-box{<!-- [et_pb_line_break_holder] -->  max-width:1100px;<!-- [et_pb_line_break_holder] -->  margin:40px auto;<!-- [et_pb_line_break_holder] -->  padding:40px 32px;<!-- [et_pb_line_break_holder] -->  background:#ffffff;<!-- [et_pb_line_break_holder] -->  border:1px solid #e5e7eb;<!-- [et_pb_line_break_holder] -->  border-radius:16px;<!-- [et_pb_line_break_holder] -->  box-shadow:0 10px 30px rgba(0,0,0,0.05);<!-- [et_pb_line_break_holder] -->  color:#1f2937;<!-- [et_pb_line_break_holder] -->  line-height:1.8;<!-- [et_pb_line_break_holder] -->  font-size:16px;<!-- [et_pb_line_break_holder] -->}<!-- [et_pb_line_break_holder] -->.legal-box h1{<!-- [et_pb_line_break_holder] -->  font-size:34px;<!-- [et_pb_line_break_holder] -->  line-height:1.2;<!-- [et_pb_line_break_holder] -->  margin:0 0 24px;<!-- [et_pb_line_break_holder] -->  color:#111827;<!-- [et_pb_line_break_holder] -->}<!-- [et_pb_line_break_holder] -->.legal-box h2{<!-- [et_pb_line_break_holder] -->  font-size:22px;<!-- [et_pb_line_break_holder] -->  margin:30px 0 12px;<!-- [et_pb_line_break_holder] -->  color:#111827;<!-- [et_pb_line_break_holder] -->}<!-- [et_pb_line_break_holder] -->.legal-box p{<!-- [et_pb_line_break_holder] -->  margin:0 0 14px;<!-- [et_pb_line_break_holder] -->}<!-- [et_pb_line_break_holder] -->.legal-box a{<!-- [et_pb_line_break_holder] -->  color:#2563eb;<!-- [et_pb_line_break_holder] -->  text-decoration:none;<!-- [et_pb_line_break_holder] -->}<!-- [et_pb_line_break_holder] -->.legal-box a:hover{<!-- [et_pb_line_break_holder] -->  text-decoration:underline;<!-- [et_pb_line_break_holder] -->}<!-- [et_pb_line_break_holder] -->.legal-box .bloc{<!-- [et_pb_line_break_holder] -->  margin-bottom:22px;<!-- [et_pb_line_break_holder] -->  padding:18px 20px;<!-- [et_pb_line_break_holder] -->  background:#f9fafb;<!-- [et_pb_line_break_holder] -->  border-radius:12px;<!-- [et_pb_line_break_holder] -->  border-left:4px solid #ec4899;<!-- [et_pb_line_break_holder] -->}<!-- [et_pb_line_break_holder] -->@media (max-width:767px){<!-- [et_pb_line_break_holder] -->  .legal-box{<!-- [et_pb_line_break_holder] -->    padding:26px 18px;<!-- [et_pb_line_break_holder] -->    margin:20px auto;<!-- [et_pb_line_break_holder] -->    font-size:15px;<!-- [et_pb_line_break_holder] -->  }<!-- [et_pb_line_break_holder] -->  .legal-box h1{<!-- [et_pb_line_break_holder] -->    font-size:28px;<!-- [et_pb_line_break_holder] -->  }<!-- [et_pb_line_break_holder] -->  .legal-box h2{<!-- [et_pb_line_break_holder] -->    font-size:20px;<!-- [et_pb_line_break_holder] -->  }<!-- [et_pb_line_break_holder] -->}<!-- [et_pb_line_break_holder] --><\/style>\n<p><!-- [et_pb_line_break_holder] --><!-- [et_pb_line_break_holder] --><\/p>\n<div class=\"legal-box\"><!-- [et_pb_line_break_holder] -->  <\/p>\n<h1>Informations l\u00e9gales<\/h1>\n<p><!-- [et_pb_line_break_holder] --><!-- [et_pb_line_break_holder] -->  <pee>En vertu de l\u2019article 6 de la loi n\u00b0 2004-575 du 21 juin 2004 pour la confiance dans l\u2019\u00e9conomie num\u00e9rique, il est pr\u00e9cis\u00e9 aux utilisateurs de ce Site l\u2019identit\u00e9 des diff\u00e9rents intervenants dans le cadre de sa r\u00e9alisation et de son suivi :<\/pee><!-- [et_pb_line_break_holder] --><!-- [et_pb_line_break_holder] -->  <\/p>\n<div class=\"bloc\"><!-- [et_pb_line_break_holder] -->    <\/p>\n<h2>Propri\u00e9taire du site<\/h2>\n<p><!-- [et_pb_line_break_holder] -->    <pee><strong>OGEC Brignais<\/strong><!\u2013- [et_pb_br_holder] -\u2013><!-- [et_pb_line_break_holder] -->    Association au capital social de 0\u20ac<!\u2013- [et_pb_br_holder] -\u2013><!-- [et_pb_line_break_holder] -->    N\u00b0 SIRET : 779 662 329 00035<!\u2013- [et_pb_br_holder] -\u2013><!-- [et_pb_line_break_holder] -->    6, rue Paul Bovier Lapierre \u2013 69530 Brignais<!\u2013- [et_pb_br_holder] -\u2013><!-- [et_pb_line_break_holder] -->    <a href=\"mailto:secretariat@ecolesaintclair.fr\">secretariat@ecolesaintclair.fr<\/a><!\u2013- [et_pb_br_holder] -\u2013><!-- [et_pb_line_break_holder] -->    <a href=\"tel:0472311087\">04 72 31 10 87<\/a><\/pee><!-- [et_pb_line_break_holder] -->  <\/div>\n<p><!-- [et_pb_line_break_holder] --><!-- [et_pb_line_break_holder] -->  <\/p>\n<div class=\"bloc\"><!-- [et_pb_line_break_holder] -->    <\/p>\n<h2>Directeur de la publication<\/h2>\n<p><!-- [et_pb_line_break_holder] -->    <pee><strong>Webmaster de l\u2019\u00e9cole Saint Clair<\/strong><!\u2013- [et_pb_br_holder] -\u2013><!-- [et_pb_line_break_holder] -->    <a href=\"mailto:webmaster@ecolesaintclair.fr\">webmaster@ecolesaintclair.fr<\/a><\/pee><!-- [et_pb_line_break_holder] -->  <\/div>\n<p><!-- [et_pb_line_break_holder] --><!-- [et_pb_line_break_holder] -->  <\/p>\n<div class=\"bloc\"><!-- [et_pb_line_break_holder] -->    <\/p>\n<h2>Webmaster<\/h2>\n<p><!-- [et_pb_line_break_holder] -->    <pee><strong>Dev\u2019Impulse<\/strong><!\u2013- [et_pb_br_holder] -\u2013><!-- [et_pb_line_break_holder] -->    <a href=\"mailto:bonjour@dev-impulse.com\">bonjour@dev-impulse.com<\/a><\/pee><!-- [et_pb_line_break_holder] -->  <\/div>\n<p><!-- [et_pb_line_break_holder] --><!-- [et_pb_line_break_holder] -->  <\/p>\n<div class=\"bloc\"><!-- [et_pb_line_break_holder] -->    <\/p>\n<h2>H\u00e9bergeur<\/h2>\n<p><!-- [et_pb_line_break_holder] -->    <pee><strong>OVH<\/strong><!\u2013- [et_pb_br_holder] -\u2013><!-- [et_pb_line_break_holder] -->    2, rue Kellermann \u2013 59100 Roubaix<\/pee><!-- [et_pb_line_break_holder] -->  <\/div>\n<p><!-- [et_pb_line_break_holder] --><!-- [et_pb_line_break_holder] -->  <\/p>\n<div class=\"bloc\"><!-- [et_pb_line_break_holder] -->    <\/p>\n<h2>D\u00e9l\u00e9gu\u00e9 \u00e0 la protection des donn\u00e9es<\/h2>\n<p><!-- [et_pb_line_break_holder] -->    <pee><strong>Webmaster de l\u2019\u00e9cole Saint Clair<\/strong><!\u2013- [et_pb_br_holder] -\u2013><!-- [et_pb_line_break_holder] -->    <a href=\"mailto:webmaster@ecolesaintclair.fr\">webmaster@ecolesaintclair.fr<\/a><\/pee><!-- [et_pb_line_break_holder] -->  <\/div>\n<p><!-- [et_pb_line_break_holder] --><\/div>\n<p>[\/et_pb_code][\/et_pb_column][\/et_pb_row][\/et_pb_section]<\/p>\n","protected":false},"excerpt":{"rendered":"","protected":false},"author":1,"featured_media":0,"parent":0,"menu_order":0,"comment_status":"closed","ping_status":"closed","template":"","meta":{"_et_pb_use_builder":"on","_et_pb_old_content":"","_et_gb_content_width":"","footnotes":""},"class_list":["post-1108","page","type-page","status-publish","hentry"],"yoast_head":"<!-- This site is optimized with the Yoast SEO plugin v27.3 - https:\/\/yoast.com\/product\/yoast-seo-wordpress\/ -->\n<title>Informations l\u00e9gales - Marcel Callo<\/title>\n<meta name=\"robots\" content=\"index, follow, max-snippet:-1, max-image-preview:large, max-video-preview:-1\" \/>\n<link rel=\"canonical\" href=\"https:\/\/ecolemarcelcallo-nantes.fr\/index.php\/informations-legales\/\" \/>\n<meta property=\"og:locale\" content=\"fr_FR\" \/>\n<meta property=\"og:type\" content=\"article\" \/>\n<meta property=\"og:title\" content=\"Informations l\u00e9gales - Marcel Callo\" \/>\n<meta property=\"og:url\" content=\"https:\/\/ecolemarcelcallo-nantes.fr\/index.php\/informations-legales\/\" \/>\n<meta property=\"og:site_name\" content=\"Marcel Callo\" \/>\n<meta name=\"twitter:card\" content=\"summary_large_image\" \/>\n<script type=\"application\/ld+json\" class=\"yoast-schema-graph\">{\"@context\":\"https:\\\/\\\/schema.org\",\"@graph\":[{\"@type\":\"WebPage\",\"@id\":\"https:\\\/\\\/ecolemarcelcallo-nantes.fr\\\/index.php\\\/informations-legales\\\/\",\"url\":\"https:\\\/\\\/ecolemarcelcallo-nantes.fr\\\/index.php\\\/informations-legales\\\/\",\"name\":\"Informations l\u00e9gales - Marcel Callo\",\"isPartOf\":{\"@id\":\"https:\\\/\\\/ecolemarcelcallo-nantes.fr\\\/#website\"},\"datePublished\":\"2026-04-07T19:00:33+00:00\",\"breadcrumb\":{\"@id\":\"https:\\\/\\\/ecolemarcelcallo-nantes.fr\\\/index.php\\\/informations-legales\\\/#breadcrumb\"},\"inLanguage\":\"fr-FR\",\"potentialAction\":[{\"@type\":\"ReadAction\",\"target\":[\"https:\\\/\\\/ecolemarcelcallo-nantes.fr\\\/index.php\\\/informations-legales\\\/\"]}]},{\"@type\":\"BreadcrumbList\",\"@id\":\"https:\\\/\\\/ecolemarcelcallo-nantes.fr\\\/index.php\\\/informations-legales\\\/#breadcrumb\",\"itemListElement\":[{\"@type\":\"ListItem\",\"position\":1,\"name\":\"Home\",\"item\":\"https:\\\/\\\/ecolemarcelcallo-nantes.fr\\\/\"},{\"@type\":\"ListItem\",\"position\":2,\"name\":\"Informations l\u00e9gales\"}]},{\"@type\":\"WebSite\",\"@id\":\"https:\\\/\\\/ecolemarcelcallo-nantes.fr\\\/#website\",\"url\":\"https:\\\/\\\/ecolemarcelcallo-nantes.fr\\\/\",\"name\":\"Marcel Callo nantes\",\"description\":\"\",\"publisher\":{\"@id\":\"https:\\\/\\\/ecolemarcelcallo-nantes.fr\\\/#organization\"},\"potentialAction\":[{\"@type\":\"SearchAction\",\"target\":{\"@type\":\"EntryPoint\",\"urlTemplate\":\"https:\\\/\\\/ecolemarcelcallo-nantes.fr\\\/?s={search_term_string}\"},\"query-input\":{\"@type\":\"PropertyValueSpecification\",\"valueRequired\":true,\"valueName\":\"search_term_string\"}}],\"inLanguage\":\"fr-FR\"},{\"@type\":\"Organization\",\"@id\":\"https:\\\/\\\/ecolemarcelcallo-nantes.fr\\\/#organization\",\"name\":\"Marcel Callo\",\"url\":\"https:\\\/\\\/ecolemarcelcallo-nantes.fr\\\/\",\"logo\":{\"@type\":\"ImageObject\",\"inLanguage\":\"fr-FR\",\"@id\":\"https:\\\/\\\/ecolemarcelcallo-nantes.fr\\\/#\\\/schema\\\/logo\\\/image\\\/\",\"url\":\"https:\\\/\\\/ecolemarcelcallo-nantes.fr\\\/wp-content\\\/uploads\\\/2026\\\/02\\\/LOGO-ECOLE-ET-EC-44.png\",\"contentUrl\":\"https:\\\/\\\/ecolemarcelcallo-nantes.fr\\\/wp-content\\\/uploads\\\/2026\\\/02\\\/LOGO-ECOLE-ET-EC-44.png\",\"width\":1080,\"height\":385,\"caption\":\"Marcel Callo\"},\"image\":{\"@id\":\"https:\\\/\\\/ecolemarcelcallo-nantes.fr\\\/#\\\/schema\\\/logo\\\/image\\\/\"}}]}<\/script>\n<!-- \/ Yoast SEO plugin. -->","yoast_head_json":{"title":"Informations l\u00e9gales - Marcel Callo","robots":{"index":"index","follow":"follow","max-snippet":"max-snippet:-1","max-image-preview":"max-image-preview:large","max-video-preview":"max-video-preview:-1"},"canonical":"https:\/\/ecolemarcelcallo-nantes.fr\/index.php\/informations-legales\/","og_locale":"fr_FR","og_type":"article","og_title":"Informations l\u00e9gales - Marcel Callo","og_url":"https:\/\/ecolemarcelcallo-nantes.fr\/index.php\/informations-legales\/","og_site_name":"Marcel Callo","twitter_card":"summary_large_image","schema":{"@context":"https:\/\/schema.org","@graph":[{"@type":"WebPage","@id":"https:\/\/ecolemarcelcallo-nantes.fr\/index.php\/informations-legales\/","url":"https:\/\/ecolemarcelcallo-nantes.fr\/index.php\/informations-legales\/","name":"Informations l\u00e9gales - Marcel Callo","isPartOf":{"@id":"https:\/\/ecolemarcelcallo-nantes.fr\/#website"},"datePublished":"2026-04-07T19:00:33+00:00","breadcrumb":{"@id":"https:\/\/ecolemarcelcallo-nantes.fr\/index.php\/informations-legales\/#breadcrumb"},"inLanguage":"fr-FR","potentialAction":[{"@type":"ReadAction","target":["https:\/\/ecolemarcelcallo-nantes.fr\/index.php\/informations-legales\/"]}]},{"@type":"BreadcrumbList","@id":"https:\/\/ecolemarcelcallo-nantes.fr\/index.php\/informations-legales\/#breadcrumb","itemListElement":[{"@type":"ListItem","position":1,"name":"Home","item":"https:\/\/ecolemarcelcallo-nantes.fr\/"},{"@type":"ListItem","position":2,"name":"Informations l\u00e9gales"}]},{"@type":"WebSite","@id":"https:\/\/ecolemarcelcallo-nantes.fr\/#website","url":"https:\/\/ecolemarcelcallo-nantes.fr\/","name":"Marcel Callo nantes","description":"","publisher":{"@id":"https:\/\/ecolemarcelcallo-nantes.fr\/#organization"},"potentialAction":[{"@type":"SearchAction","target":{"@type":"EntryPoint","urlTemplate":"https:\/\/ecolemarcelcallo-nantes.fr\/?s={search_term_string}"},"query-input":{"@type":"PropertyValueSpecification","valueRequired":true,"valueName":"search_term_string"}}],"inLanguage":"fr-FR"},{"@type":"Organization","@id":"https:\/\/ecolemarcelcallo-nantes.fr\/#organization","name":"Marcel Callo","url":"https:\/\/ecolemarcelcallo-nantes.fr\/","logo":{"@type":"ImageObject","inLanguage":"fr-FR","@id":"https:\/\/ecolemarcelcallo-nantes.fr\/#\/schema\/logo\/image\/","url":"https:\/\/ecolemarcelcallo-nantes.fr\/wp-content\/uploads\/2026\/02\/LOGO-ECOLE-ET-EC-44.png","contentUrl":"https:\/\/ecolemarcelcallo-nantes.fr\/wp-content\/uploads\/2026\/02\/LOGO-ECOLE-ET-EC-44.png","width":1080,"height":385,"caption":"Marcel Callo"},"image":{"@id":"https:\/\/ecolemarcelcallo-nantes.fr\/#\/schema\/logo\/image\/"}}]}},"_links":{"self":[{"href":"https:\/\/ecolemarcelcallo-nantes.fr\/index.php\/wp-json\/wp\/v2\/pages\/1108","targetHints":{"allow":["GET"]}}],"collection":[{"href":"https:\/\/ecolemarcelcallo-nantes.fr\/index.php\/wp-json\/wp\/v2\/pages"}],"about":[{"href":"https:\/\/ecolemarcelcallo-nantes.fr\/index.php\/wp-json\/wp\/v2\/types\/page"}],"author":[{"embeddable":true,"href":"https:\/\/ecolemarcelcallo-nantes.fr\/index.php\/wp-json\/wp\/v2\/users\/1"}],"replies":[{"embeddable":true,"href":"https:\/\/ecolemarcelcallo-nantes.fr\/index.php\/wp-json\/wp\/v2\/comments?post=1108"}],"version-history":[{"count":2,"href":"https:\/\/ecolemarcelcallo-nantes.fr\/index.php\/wp-json\/wp\/v2\/pages\/1108\/revisions"}],"predecessor-version":[{"id":1112,"href":"https:\/\/ecolemarcelcallo-nantes.fr\/index.php\/wp-json\/wp\/v2\/pages\/1108\/revisions\/1112"}],"wp:attachment":[{"href":"https:\/\/ecolemarcelcallo-nantes.fr\/index.php\/wp-json\/wp\/v2\/media?parent=1108"}],"curies":[{"name":"wp","href":"https:\/\/api.w.org\/{rel}","templated":true}]}}